{"id":252,"date":"2016-03-18T23:00:05","date_gmt":"2016-03-18T23:00:05","guid":{"rendered":"http:\/\/mdeca.com.ar\/?post_type=product&amp;p=252"},"modified":"2016-03-18T23:00:05","modified_gmt":"2016-03-18T23:00:05","slug":"sesame-oil","status":"publish","type":"product","link":"http:\/\/mdeca.com.ar\/es\/producto\/sesame-oil\/","title":{"rendered":"Aceite De Sesamo"},"content":{"rendered":"","protected":false},"excerpt":{"rendered":"<p><strong>Beneficios<\/strong><\/p>\n<ul>\n<li>Aceite de s\u00e9samo es el verdadero tesoro de sustancias vitales.<\/li>\n<li>Es rico en \u00e1cidos grasos insaturados omega 3 y 6 tambi\u00e9n, contiene lecitina que impide la acumulaci\u00f3n de colesterol en las paredes de los vasos sangu\u00edneos.<\/li>\n<li>Aceite de s\u00e9samo contiene hormonas vegetales \u2013 sezamolin y sezamin que similar en estructura y acci\u00f3n al estr\u00f3geno humano.<\/li>\n<li>Tiene un efecto positivo pronunciado sobre la piel, el cabello como cosm\u00e9tico.<\/li>\n<\/ul>\n<table>\n<tbody>\n<tr>\n<th>An\u00e1lisis<\/th>\n<th>Valores (cada 100 g)<\/th>\n<\/tr>\n<tr>\n<td>Proteinas<\/td>\n<td>0\u00a0g<\/td>\n<\/tr>\n<tr>\n<td>Energia<\/td>\n<td>987,8 kcal<\/td>\n<\/tr>\n<tr>\n<td>Grasas<\/td>\n<td>99,2 g<\/td>\n<\/tr>\n<tr>\n<td>Carbohidratos<\/td>\n<td>0 g<\/td>\n<\/tr>\n<tr>\n<td>Omega 9<\/td>\n<td>42,47 g<\/td>\n<\/tr>\n<tr>\n<td>Omega 3<\/td>\n<td>2,0 g<\/td>\n<\/tr>\n<tr>\n<td>Omega 6<\/td>\n<td>41,09 g<\/td>\n<\/tr>\n<tr>\n<td>\u00c1cidos grasos saturados<\/td>\n<td>14,9 g<\/td>\n<\/tr>\n<tr>\n<td>Vitamina E<\/td>\n<td>7,25\u00a0mg\/kg<\/td>\n<\/tr>\n<\/tbody>\n<\/table>\n","protected":false},"featured_media":253,"comment_status":"open","ping_status":"closed","template":"","meta":[],"product_brand":[],"product_cat":[10],"product_tag":[],"class_list":{"0":"post-252","1":"product","2":"type-product","3":"status-publish","4":"has-post-thumbnail","6":"product_cat-aceites-pellets-harina","8":"first","9":"instock","10":"shipping-taxable","11":"product-type-simple"},"_links":{"self":[{"href":"http:\/\/mdeca.com.ar\/es\/wp-json\/wp\/v2\/product\/252","targetHints":{"allow":["GET"]}}],"collection":[{"href":"http:\/\/mdeca.com.ar\/es\/wp-json\/wp\/v2\/product"}],"about":[{"href":"http:\/\/mdeca.com.ar\/es\/wp-json\/wp\/v2\/types\/product"}],"replies":[{"embeddable":true,"href":"http:\/\/mdeca.com.ar\/es\/wp-json\/wp\/v2\/comments?post=252"}],"wp:featuredmedia":[{"embeddable":true,"href":"http:\/\/mdeca.com.ar\/es\/wp-json\/wp\/v2\/media\/253"}],"wp:attachment":[{"href":"http:\/\/mdeca.com.ar\/es\/wp-json\/wp\/v2\/media?parent=252"}],"wp:term":[{"taxonomy":"product_brand","embeddable":true,"href":"http:\/\/mdeca.com.ar\/es\/wp-json\/wp\/v2\/product_brand?post=252"},{"taxonomy":"product_cat","embeddable":true,"href":"http:\/\/mdeca.com.ar\/es\/wp-json\/wp\/v2\/product_cat?post=252"},{"taxonomy":"product_tag","embeddable":true,"href":"http:\/\/mdeca.com.ar\/es\/wp-json\/wp\/v2\/product_tag?post=252"}],"curies":[{"name":"wp","href":"https:\/\/api.w.org\/{rel}","templated":true}]}}