{"id":224,"date":"2016-03-18T22:30:47","date_gmt":"2016-03-18T22:30:47","guid":{"rendered":"http:\/\/mdeca.com.ar\/?post_type=product&amp;p=224"},"modified":"2016-03-18T22:30:47","modified_gmt":"2016-03-18T22:30:47","slug":"bitter-orange-peel","status":"publish","type":"product","link":"http:\/\/mdeca.com.ar\/es\/producto\/bitter-orange-peel\/","title":{"rendered":"C\u00e1scara De Naranja"},"content":{"rendered":"","protected":false},"excerpt":{"rendered":"<p><strong>Beneficios<\/strong><\/p>\n<p>La c\u00e1scara de naranja agria es muy arom\u00e1tica, pero un sabor amargo.<br \/>\nSustancias amargas estimulan el apetito y producci\u00f3n\u00a0jugos digestivos.<br \/>\nLa c\u00e1scara contiene el sinefrina una sustancia activa para estimulaci\u00f3n del coraz\u00f3n.<\/p>\n<table>\n<tbody>\n<tr>\n<td><span class=\"label label-default\">Triterpene<\/span><\/td>\n<td>Limonin Monolacton<\/td>\n<\/tr>\n<tr>\n<td><span class=\"label label-default\">Flavonglykoside<\/span><\/td>\n<td>Neohesperidin Naringin Rutin Eriocitrin Hesperidin<\/td>\n<\/tr>\n<tr>\n<td><span class=\"label label-default\">Disaccharides<\/span><\/td>\n<td>Glucose Rhamnose<\/td>\n<\/tr>\n<tr>\n<td><span class=\"label label-default\">Aceites esenciales<\/span><\/td>\n<td>Citral Limonen<\/td>\n<\/tr>\n<tr>\n<td><span class=\"label label-default\">Colorante natural<\/span><\/td>\n<td>Carotinoides<\/td>\n<\/tr>\n<\/tbody>\n<\/table>\n","protected":false},"featured_media":225,"comment_status":"open","ping_status":"closed","template":"","meta":[],"product_brand":[],"product_cat":[13],"product_tag":[],"class_list":{"0":"post-224","1":"product","2":"type-product","3":"status-publish","4":"has-post-thumbnail","6":"product_cat-semillas-hierbas","8":"first","9":"instock","10":"shipping-taxable","11":"product-type-simple"},"_links":{"self":[{"href":"http:\/\/mdeca.com.ar\/es\/wp-json\/wp\/v2\/product\/224","targetHints":{"allow":["GET"]}}],"collection":[{"href":"http:\/\/mdeca.com.ar\/es\/wp-json\/wp\/v2\/product"}],"about":[{"href":"http:\/\/mdeca.com.ar\/es\/wp-json\/wp\/v2\/types\/product"}],"replies":[{"embeddable":true,"href":"http:\/\/mdeca.com.ar\/es\/wp-json\/wp\/v2\/comments?post=224"}],"wp:featuredmedia":[{"embeddable":true,"href":"http:\/\/mdeca.com.ar\/es\/wp-json\/wp\/v2\/media\/225"}],"wp:attachment":[{"href":"http:\/\/mdeca.com.ar\/es\/wp-json\/wp\/v2\/media?parent=224"}],"wp:term":[{"taxonomy":"product_brand","embeddable":true,"href":"http:\/\/mdeca.com.ar\/es\/wp-json\/wp\/v2\/product_brand?post=224"},{"taxonomy":"product_cat","embeddable":true,"href":"http:\/\/mdeca.com.ar\/es\/wp-json\/wp\/v2\/product_cat?post=224"},{"taxonomy":"product_tag","embeddable":true,"href":"http:\/\/mdeca.com.ar\/es\/wp-json\/wp\/v2\/product_tag?post=224"}],"curies":[{"name":"wp","href":"https:\/\/api.w.org\/{rel}","templated":true}]}}