{"id":220,"date":"2016-03-18T22:29:13","date_gmt":"2016-03-18T22:29:13","guid":{"rendered":"http:\/\/mdeca.com.ar\/?post_type=product&amp;p=220"},"modified":"2016-03-18T22:29:13","modified_gmt":"2016-03-18T22:29:13","slug":"lemon-verbena-leaf","status":"publish","type":"product","link":"http:\/\/mdeca.com.ar\/es\/producto\/lemon-verbena-leaf\/","title":{"rendered":"Cedr\u00f3n"},"content":{"rendered":"","protected":false},"excerpt":{"rendered":"<p><strong>Beneficios<\/strong><\/p>\n<ul>\n<li>Aparte de impactante y inconfundible aroma del\u00a0Cedr\u00f3n, hay muchos beneficios para la salud asociados con el consumo de t\u00e9 de cedr\u00f3n. Los usos medicinales tradicionales incluyen la reducci\u00f3n de la fiebre y la tos.<\/li>\n<li>Se cree que la hierba tambi\u00e9n posee propiedades antiespasm\u00f3dicas y se utiliza para tratar los s\u00edntomas de asma y los espasmos musculares, relacionados con la irritaci\u00f3n del est\u00f3mago y colon.<\/li>\n<li>T\u00e9 del lim\u00f3n verbena tambi\u00e9n tiene fama de ser\u00a0sedante suave y con efectos anti-inflamatorio. Se utiliza para relajar el sistema nerviosa y aliviar el picor de la piel.<\/li>\n<li>Las hojas secas mantienen bien su olor \u00a0y se utilizan en mezclas de t\u00e9s, sobres, y almohadas. El aceite se ha utilizado en la colonia, agua de colonia, perfume y jab\u00f3n. Una infusi\u00f3n fuerte se puede a\u00f1adir al ba\u00f1o.<\/li>\n<li><\/li>\n<\/ul>\n<table>\n<tbody>\n<tr>\n<td><span class=\"label label-default\">Monoterpenes<\/span><\/td>\n<td>Carvone, dipenten, limonene<\/td>\n<\/tr>\n<tr>\n<td><span class=\"label label-default\">Flavonoides<\/span><\/td>\n<td>Apigenin, catechin<\/td>\n<\/tr>\n<tr>\n<td><span class=\"label label-default\">Aceites esenciales<\/span><\/td>\n<td>Citral, Heranial, Neral<\/td>\n<\/tr>\n<\/tbody>\n<\/table>\n","protected":false},"featured_media":221,"comment_status":"open","ping_status":"closed","template":"","meta":[],"product_brand":[],"product_cat":[13],"product_tag":[],"class_list":{"0":"post-220","1":"product","2":"type-product","3":"status-publish","4":"has-post-thumbnail","6":"product_cat-semillas-hierbas","8":"first","9":"instock","10":"shipping-taxable","11":"product-type-simple"},"_links":{"self":[{"href":"http:\/\/mdeca.com.ar\/es\/wp-json\/wp\/v2\/product\/220","targetHints":{"allow":["GET"]}}],"collection":[{"href":"http:\/\/mdeca.com.ar\/es\/wp-json\/wp\/v2\/product"}],"about":[{"href":"http:\/\/mdeca.com.ar\/es\/wp-json\/wp\/v2\/types\/product"}],"replies":[{"embeddable":true,"href":"http:\/\/mdeca.com.ar\/es\/wp-json\/wp\/v2\/comments?post=220"}],"wp:featuredmedia":[{"embeddable":true,"href":"http:\/\/mdeca.com.ar\/es\/wp-json\/wp\/v2\/media\/221"}],"wp:attachment":[{"href":"http:\/\/mdeca.com.ar\/es\/wp-json\/wp\/v2\/media?parent=220"}],"wp:term":[{"taxonomy":"product_brand","embeddable":true,"href":"http:\/\/mdeca.com.ar\/es\/wp-json\/wp\/v2\/product_brand?post=220"},{"taxonomy":"product_cat","embeddable":true,"href":"http:\/\/mdeca.com.ar\/es\/wp-json\/wp\/v2\/product_cat?post=220"},{"taxonomy":"product_tag","embeddable":true,"href":"http:\/\/mdeca.com.ar\/es\/wp-json\/wp\/v2\/product_tag?post=220"}],"curies":[{"name":"wp","href":"https:\/\/api.w.org\/{rel}","templated":true}]}}