{"id":34,"date":"2016-01-16T17:22:33","date_gmt":"2016-01-16T17:22:33","guid":{"rendered":"http:\/\/vx000008.ferozo.com\/?page_id=34"},"modified":"2016-11-22T18:14:20","modified_gmt":"2016-11-22T18:14:20","slug":"quienes-somos","status":"publish","type":"page","link":"http:\/\/mdeca.com.ar\/es\/quienes-somos\/","title":{"rendered":"Qui\u00e9nes somos"},"content":{"rendered":"<p>El Grupo de Compa\u00f1\u00edas Sudamericano \u00abMovimiento de Capital\u00bb (MDECA Group) fue creado en el a\u00f1o 2002, como una asociaci\u00f3n de compa\u00f1\u00edas agro industriales y financieras de Argentina, Paraguay y Uruguay, especializ\u00e1ndose en la producci\u00f3n y exportaci\u00f3n de productos agriculturales y alimenticios a muchos pa\u00edses alrededor de todo el mundo, as\u00ed como tambi\u00e9n en la importaci\u00f3n al Mercosur de productos qu\u00edmicos.<br \/>\nEl Grupo posee su propia producci\u00f3n en Argentina y Paraguay, y cuenta con m\u00e1s de treinta productores regionales de productos alimenticios asociados, en Argentina, Paraguay, Per\u00fa y Bolivia. La oficina comercial del Grupo se encuentra en la capital argentina, Buenos Aires.<br \/>\nGracias a la excelente calidad de nuestros productos y un modelo de trabajo enfocado en la eficacia, hemos logrado formar v\u00ednculos permanentes con clientes y socios en todo el mundo, y estamos en proceso constante de abrir nuevos mercados. Un profundo conocimiento del mercado local y una r\u00e1pida capacidad para adaptarnos al r\u00e9gimen de trabajo de nuestros clientes y sus requisitos le permiten a nuestro Grupo formar y mantener relaciones de negocios a largo plazo, fundadas en la cooperaci\u00f3n, y de beneficio mutuo.<\/p>\n","protected":false},"excerpt":{"rendered":"<p>El Grupo de Compa\u00f1\u00edas Sudamericano \u00abMovimiento de Capital\u00bb (MDECA Group) fue creado en el a\u00f1o 2002, como una asociaci\u00f3n de compa\u00f1\u00edas agro industriales y financieras de Argentina, Paraguay y Uruguay, especializ\u00e1ndose en la producci\u00f3n y exportaci\u00f3n de productos agriculturales y alimenticios a muchos pa\u00edses alrededor de todo el mundo, as\u00ed como tambi\u00e9n en la importaci\u00f3n<a href=\"http:\/\/mdeca.com.ar\/es\/quienes-somos\/\">[&#8230;]<\/a><\/p>\n","protected":false},"author":2,"featured_media":0,"parent":0,"menu_order":0,"comment_status":"closed","ping_status":"closed","template":"","meta":{"footnotes":""},"class_list":["post-34","page","type-page","status-publish","hentry"],"_links":{"self":[{"href":"http:\/\/mdeca.com.ar\/es\/wp-json\/wp\/v2\/pages\/34","targetHints":{"allow":["GET"]}}],"collection":[{"href":"http:\/\/mdeca.com.ar\/es\/wp-json\/wp\/v2\/pages"}],"about":[{"href":"http:\/\/mdeca.com.ar\/es\/wp-json\/wp\/v2\/types\/page"}],"author":[{"embeddable":true,"href":"http:\/\/mdeca.com.ar\/es\/wp-json\/wp\/v2\/users\/2"}],"replies":[{"embeddable":true,"href":"http:\/\/mdeca.com.ar\/es\/wp-json\/wp\/v2\/comments?post=34"}],"version-history":[{"count":1,"href":"http:\/\/mdeca.com.ar\/es\/wp-json\/wp\/v2\/pages\/34\/revisions"}],"predecessor-version":[{"id":406,"href":"http:\/\/mdeca.com.ar\/es\/wp-json\/wp\/v2\/pages\/34\/revisions\/406"}],"wp:attachment":[{"href":"http:\/\/mdeca.com.ar\/es\/wp-json\/wp\/v2\/media?parent=34"}],"curies":[{"name":"wp","href":"https:\/\/api.w.org\/{rel}","templated":true}]}}